{"id":622,"date":"2023-07-03T10:22:19","date_gmt":"2023-07-03T08:22:19","guid":{"rendered":"https:\/\/retronic.de\/reach-declaration\/"},"modified":"2023-09-11T09:55:36","modified_gmt":"2023-09-11T07:55:36","slug":"reach-declaration","status":"publish","type":"page","link":"https:\/\/retronic.de\/en\/reach-declaration\/","title":{"rendered":"REACH Declaration"},"content":{"rendered":"<h2>Erkl\u00e4rung zur Verordnung Nr. 1907\/2006 des Europ\u00e4ischen Parlaments (REACh)<\/h2>\n<p>Wir versichern, dass s\u00e4mtliche Produkte die von uns geliefert werden, der REACh-Verordnung unterliegen und dass dies auch bei den Herstellern\/Vorlieferanten sichergestellt wird. Die weitere Belieferung mit Produkten und die daraus bestehende Informationspflicht (Besorgniserregende Stoffe) ist bekannt und wird gewissenhaft umgesetzt. Retronic GmbH<\/p>\n<h2>REACH-Verordnung und weitere Informationen zu REACh<\/h2>\n<p>Unfortunately this text is only available in German.<\/p>\n<p>For the original REACH regulation please follow this link: <a href=\"http:\/\/eur-lex.europa.eu\/LexUriServ\/LexUriServ.do?uri=OJ:L:2007:136:0003:0280:en:PDF\" target=\"_blank\" rel=\"noopener noreferrer nofollow\">REGULATION (EC) No 1907\/2006<\/a><\/p>\n<p><a href=\"https:\/\/retronic.de\/wp-content\/uploads\/2023\/07\/reach_1907_2008.pdf\" target=\"_blank\" rel=\"noopener\">Download als PDF<\/a><\/p>\n<div class=\"tinymcewysiwyg\">\n<p>Chemikalien sollen generell so hergestellt und angewendet werden, dass negative Auswirkungen auf Mensch und Umwelt m\u00f6glichst gering bleiben. Im September 2002 beschlossen die teilnehmenden Staaten des Weltgipfels in Johannesburg, dass dieses ehrgeizige Ziel im Jahre 2020 erreicht sein soll. Doch die Realit\u00e4t sieht noch anders aus. F\u00fcr rund 95% der Chemikalien, die derzeit auf dem Markt sind, liegen keine ausreichenden Daten vor, um \u00fcberhaupt Aussagen zu ihren Auswirkungen auf den Menschen und die Umwelt zu machen. Auch im hochindustrialisierten Europa ist es nicht anders. Es fehlen Informationen \u00fcber all die Stoffe, die uns in unserem Alltag begleiten. Aus diesem Grund wurde eine grundlegende Reform des europ\u00e4ischen Chemikalienrechts auf den Weg gebracht: REACH.<\/p>\n<p>REACH, das steht f\u00fcr Registration, Evaluation, Authorisation of Chemicals (Registrierung,Bewertung und Zulassung von Chemikalien). Mit dieser neuen Gesetzgebung soll das Chemikalienrecht europaweit vereinheitlicht und vereinfacht werden. Gleichzeitig soll aber auch der Wissensstand \u00fcber die Gefahren und Risiken erh\u00f6ht werden, die von Chemikalien ausgehen k\u00f6nnen. Im Jahre 2003 stellte die europ\u00e4ische Kommission einen ersten Text-Entwurf vor, der seit im Rat und Parlament teilweise recht kontrovers diskutiert wurde. Die Verhandlungen sind erfolgreich am 18.12.2006 abgeschlossen worden und die REACH-Verordnung wurde am 30.12.2006 im Amtsblatt der EU ver\u00f6ffentlicht.<\/p>\n<p>Am 29.05.2007 wurde eine berichtigte Fassung der deutschen \u00dcbersetzung der Verordnung im Amtsblatt der EU ver\u00f6ffentlicht. Die Korrekturen umfassen Fehler in der Rechtschreibung und fehlerhafte \u00dcbersetzungen. Inhaltliche \u00c4nderungen sind mit dieser Fassung nicht verbunden.<\/p>\n<p>Mit Inkrafttreten der REACH-Verordnung am 01.06.2007 ergeben sich weitreichende \u00c4nderungen in den bestehenden Rechtsgrundlagen im Bereich der Chemikalien. So wurde zum 01.06.2008 die Verordnung EWG Nr. 793\/93 (Bewertung und Kontrolle der Umweltrisiken chemischer Altstoffe) aufgehoben. Auch das Meldeverfahren f\u00fcr neue Stoffe gem\u00e4\u00df der Richtlinie 67\/548\/EWG ist zum zum 01.06.2008 ausgelaufen. Die Anpassungen im Hinblick auf REACH regelt die Richtlinie 121\/2006\/EG. Bis zum 01.06.2008 galten f\u00fcr beide Bereiche \u00dcbergansregelungen. Als zust\u00e4ndige Beh\u00f6rde f\u00fcr die Anmeldung von Neustoffen und f\u00fcr das Meldeverfahren f\u00fcr Altstoffe verf\u00fcgt die Bundesanstalt f\u00fcr Arbeitsschutz und Arbeitsmedizin (BAuA) bereits \u00fcber breite Erfahrungen in der Erfassung von Daten und Bewertung von chemischen Stoffen. Vieles von dem, was REACH vorsieht, entspricht der heutigen Praxis &#8211; insbesondere in Bezug auf die Neustoffe.<\/p>\n<p>Weitere Informationen \u00fcber Reach finden Sie unter <a href=\"http:\/\/www.reach-info.de\/\" target=\"_blank\" rel=\"noopener noreferrer nofollow\">www.reach-info.de<\/a> oder unter <a href=\"http:\/\/eur-lex.europa.eu\/LexUriServ\/LexUriServ.do?uri=CELEX:32006R1907:DE:NOT\" target=\"_blank\" rel=\"noopener noreferrer nofollow\">eur-lex.europa.eu<\/a><\/p>\n<\/div>\n","protected":false},"excerpt":{"rendered":"<p>Erkl\u00e4rung zur Verordnung Nr. 1907\/2006 des Europ\u00e4ischen Parlaments (REACh) Wir versichern, dass s\u00e4mtliche Produkte die von uns geliefert werden, der REACh-Verordnung unterliegen und dass dies auch bei den Herstellern\/Vorlieferanten sichergestellt wird. Die weitere Belieferung mit Produkten und die daraus bestehende Informationspflicht (Besorgniserregende Stoffe) ist bekannt und wird gewissenhaft umgesetzt. Retronic GmbH REACH-Verordnung und weitere Informationen [&hellip;]<\/p>\n","protected":false},"author":1,"featured_media":0,"parent":0,"menu_order":0,"comment_status":"closed","ping_status":"closed","template":"","meta":{"footnotes":""},"class_list":["post-622","page","type-page","status-publish","hentry"],"yoast_head":"<!-- This site is optimized with the Yoast SEO plugin v27.0 - https:\/\/yoast.com\/product\/yoast-seo-wordpress\/ -->\n<title>REACH Declaration - Retronic Vertriebs GmbH<\/title>\n<meta name=\"robots\" content=\"noindex, nofollow\" \/>\n<meta property=\"og:locale\" content=\"en_US\" \/>\n<meta property=\"og:type\" content=\"article\" \/>\n<meta property=\"og:title\" content=\"REACH Declaration - Retronic Vertriebs GmbH\" \/>\n<meta property=\"og:description\" content=\"Erkl\u00e4rung zur Verordnung Nr. 1907\/2006 des Europ\u00e4ischen Parlaments (REACh) Wir versichern, dass s\u00e4mtliche Produkte die von uns geliefert werden, der REACh-Verordnung unterliegen und dass dies auch bei den Herstellern\/Vorlieferanten sichergestellt wird. Die weitere Belieferung mit Produkten und die daraus bestehende Informationspflicht (Besorgniserregende Stoffe) ist bekannt und wird gewissenhaft umgesetzt. Retronic GmbH REACH-Verordnung und weitere Informationen [&hellip;]\" \/>\n<meta property=\"og:url\" content=\"https:\/\/retronic.de\/en\/reach-declaration\/\" \/>\n<meta property=\"og:site_name\" content=\"Retronic Vertriebs GmbH\" \/>\n<meta property=\"article:modified_time\" content=\"2023-09-11T07:55:36+00:00\" \/>\n<meta name=\"twitter:card\" content=\"summary_large_image\" \/>\n<meta name=\"twitter:label1\" content=\"Est. reading time\" \/>\n\t<meta name=\"twitter:data1\" content=\"2 minutes\" \/>\n<script type=\"application\/ld+json\" class=\"yoast-schema-graph\">{\"@context\":\"https:\/\/schema.org\",\"@graph\":[{\"@type\":\"WebPage\",\"@id\":\"https:\/\/retronic.de\/en\/reach-declaration\/\",\"url\":\"https:\/\/retronic.de\/en\/reach-declaration\/\",\"name\":\"REACH Declaration - Retronic Vertriebs GmbH\",\"isPartOf\":{\"@id\":\"https:\/\/retronic.de\/#website\"},\"datePublished\":\"2023-07-03T08:22:19+00:00\",\"dateModified\":\"2023-09-11T07:55:36+00:00\",\"breadcrumb\":{\"@id\":\"https:\/\/retronic.de\/en\/reach-declaration\/#breadcrumb\"},\"inLanguage\":\"en-US\",\"potentialAction\":[{\"@type\":\"ReadAction\",\"target\":[\"https:\/\/retronic.de\/en\/reach-declaration\/\"]}]},{\"@type\":\"BreadcrumbList\",\"@id\":\"https:\/\/retronic.de\/en\/reach-declaration\/#breadcrumb\",\"itemListElement\":[{\"@type\":\"ListItem\",\"position\":1,\"name\":\"Startseite\",\"item\":\"https:\/\/retronic.de\/en\/\"},{\"@type\":\"ListItem\",\"position\":2,\"name\":\"REACH Declaration\"}]},{\"@type\":\"WebSite\",\"@id\":\"https:\/\/retronic.de\/#website\",\"url\":\"https:\/\/retronic.de\/\",\"name\":\"Retronic Vertriebs GmbH\",\"description\":\"Ihr Distributor f\u00fcr elektronische Bauelemente\",\"publisher\":{\"@id\":\"https:\/\/retronic.de\/#organization\"},\"potentialAction\":[{\"@type\":\"SearchAction\",\"target\":{\"@type\":\"EntryPoint\",\"urlTemplate\":\"https:\/\/retronic.de\/?s={search_term_string}\"},\"query-input\":{\"@type\":\"PropertyValueSpecification\",\"valueRequired\":true,\"valueName\":\"search_term_string\"}}],\"inLanguage\":\"en-US\"},{\"@type\":\"Organization\",\"@id\":\"https:\/\/retronic.de\/#organization\",\"name\":\"Retronic Vertriebs GmbH\",\"url\":\"https:\/\/retronic.de\/\",\"logo\":{\"@type\":\"ImageObject\",\"inLanguage\":\"en-US\",\"@id\":\"https:\/\/retronic.de\/#\/schema\/logo\/image\/\",\"url\":\"https:\/\/retronic.de\/wp-content\/uploads\/2023\/07\/retronic-logo.png\",\"contentUrl\":\"https:\/\/retronic.de\/wp-content\/uploads\/2023\/07\/retronic-logo.png\",\"width\":524,\"height\":105,\"caption\":\"Retronic Vertriebs GmbH\"},\"image\":{\"@id\":\"https:\/\/retronic.de\/#\/schema\/logo\/image\/\"}}]}<\/script>\n<!-- \/ Yoast SEO plugin. -->","yoast_head_json":{"title":"REACH Declaration - Retronic Vertriebs GmbH","robots":{"index":"noindex","follow":"nofollow"},"og_locale":"en_US","og_type":"article","og_title":"REACH Declaration - Retronic Vertriebs GmbH","og_description":"Erkl\u00e4rung zur Verordnung Nr. 1907\/2006 des Europ\u00e4ischen Parlaments (REACh) Wir versichern, dass s\u00e4mtliche Produkte die von uns geliefert werden, der REACh-Verordnung unterliegen und dass dies auch bei den Herstellern\/Vorlieferanten sichergestellt wird. Die weitere Belieferung mit Produkten und die daraus bestehende Informationspflicht (Besorgniserregende Stoffe) ist bekannt und wird gewissenhaft umgesetzt. Retronic GmbH REACH-Verordnung und weitere Informationen [&hellip;]","og_url":"https:\/\/retronic.de\/en\/reach-declaration\/","og_site_name":"Retronic Vertriebs GmbH","article_modified_time":"2023-09-11T07:55:36+00:00","twitter_card":"summary_large_image","twitter_misc":{"Est. reading time":"2 minutes"},"schema":{"@context":"https:\/\/schema.org","@graph":[{"@type":"WebPage","@id":"https:\/\/retronic.de\/en\/reach-declaration\/","url":"https:\/\/retronic.de\/en\/reach-declaration\/","name":"REACH Declaration - Retronic Vertriebs GmbH","isPartOf":{"@id":"https:\/\/retronic.de\/#website"},"datePublished":"2023-07-03T08:22:19+00:00","dateModified":"2023-09-11T07:55:36+00:00","breadcrumb":{"@id":"https:\/\/retronic.de\/en\/reach-declaration\/#breadcrumb"},"inLanguage":"en-US","potentialAction":[{"@type":"ReadAction","target":["https:\/\/retronic.de\/en\/reach-declaration\/"]}]},{"@type":"BreadcrumbList","@id":"https:\/\/retronic.de\/en\/reach-declaration\/#breadcrumb","itemListElement":[{"@type":"ListItem","position":1,"name":"Startseite","item":"https:\/\/retronic.de\/en\/"},{"@type":"ListItem","position":2,"name":"REACH Declaration"}]},{"@type":"WebSite","@id":"https:\/\/retronic.de\/#website","url":"https:\/\/retronic.de\/","name":"Retronic Vertriebs GmbH","description":"Ihr Distributor f\u00fcr elektronische Bauelemente","publisher":{"@id":"https:\/\/retronic.de\/#organization"},"potentialAction":[{"@type":"SearchAction","target":{"@type":"EntryPoint","urlTemplate":"https:\/\/retronic.de\/?s={search_term_string}"},"query-input":{"@type":"PropertyValueSpecification","valueRequired":true,"valueName":"search_term_string"}}],"inLanguage":"en-US"},{"@type":"Organization","@id":"https:\/\/retronic.de\/#organization","name":"Retronic Vertriebs GmbH","url":"https:\/\/retronic.de\/","logo":{"@type":"ImageObject","inLanguage":"en-US","@id":"https:\/\/retronic.de\/#\/schema\/logo\/image\/","url":"https:\/\/retronic.de\/wp-content\/uploads\/2023\/07\/retronic-logo.png","contentUrl":"https:\/\/retronic.de\/wp-content\/uploads\/2023\/07\/retronic-logo.png","width":524,"height":105,"caption":"Retronic Vertriebs GmbH"},"image":{"@id":"https:\/\/retronic.de\/#\/schema\/logo\/image\/"}}]}},"_links":{"self":[{"href":"https:\/\/retronic.de\/en\/wp-json\/wp\/v2\/pages\/622","targetHints":{"allow":["GET"]}}],"collection":[{"href":"https:\/\/retronic.de\/en\/wp-json\/wp\/v2\/pages"}],"about":[{"href":"https:\/\/retronic.de\/en\/wp-json\/wp\/v2\/types\/page"}],"author":[{"embeddable":true,"href":"https:\/\/retronic.de\/en\/wp-json\/wp\/v2\/users\/1"}],"replies":[{"embeddable":true,"href":"https:\/\/retronic.de\/en\/wp-json\/wp\/v2\/comments?post=622"}],"version-history":[{"count":1,"href":"https:\/\/retronic.de\/en\/wp-json\/wp\/v2\/pages\/622\/revisions"}],"predecessor-version":[{"id":623,"href":"https:\/\/retronic.de\/en\/wp-json\/wp\/v2\/pages\/622\/revisions\/623"}],"wp:attachment":[{"href":"https:\/\/retronic.de\/en\/wp-json\/wp\/v2\/media?parent=622"}],"curies":[{"name":"wp","href":"https:\/\/api.w.org\/{rel}","templated":true}]}}